{"id":1881,"date":"2024-07-18T07:38:47","date_gmt":"2024-07-18T07:38:47","guid":{"rendered":"https:\/\/www.flowersolutions.ro\/cookie-szabalyzat\/"},"modified":"2024-07-19T12:56:07","modified_gmt":"2024-07-19T12:56:07","slug":"cookie-szabalyzat","status":"publish","type":"page","link":"https:\/\/www.flowersolutions.ro\/hu\/cookie-szabalyzat\/","title":{"rendered":"Cookie szab\u00e1lyzat"},"content":{"rendered":"\t\t<div data-elementor-type=\"wp-page\" data-elementor-id=\"1881\" class=\"elementor elementor-1881 elementor-1840\">\n\t\t\t\t<div class=\"elementor-element elementor-element-a13f43a e-flex e-con-boxed e-con e-parent\" data-id=\"a13f43a\" data-element_type=\"container\" data-settings=\"{&quot;background_background&quot;:&quot;classic&quot;}\">\n\t\t\t\t\t<div class=\"e-con-inner\">\n\t\t\t\t<div class=\"elementor-element elementor-element-d391c1e elementor-widget elementor-widget-heading\" data-id=\"d391c1e\" data-element_type=\"widget\" data-widget_type=\"heading.default\">\n\t\t\t\t<div class=\"elementor-widget-container\">\n\t\t\t<style>\/*! elementor - v3.23.0 - 15-07-2024 *\/\n.elementor-heading-title{padding:0;margin:0;line-height:1}.elementor-widget-heading .elementor-heading-title[class*=elementor-size-]>a{color:inherit;font-size:inherit;line-height:inherit}.elementor-widget-heading .elementor-heading-title.elementor-size-small{font-size:15px}.elementor-widget-heading .elementor-heading-title.elementor-size-medium{font-size:19px}.elementor-widget-heading .elementor-heading-title.elementor-size-large{font-size:29px}.elementor-widget-heading .elementor-heading-title.elementor-size-xl{font-size:39px}.elementor-widget-heading .elementor-heading-title.elementor-size-xxl{font-size:59px}<\/style><h1 class=\"elementor-heading-title elementor-size-default\">Cookie szab\u00e1lyzat<\/h1>\t\t<\/div>\n\t\t\t\t<\/div>\n\t\t\t\t\t<\/div>\n\t\t\t\t<\/div>\n\t\t<div class=\"elementor-element elementor-element-dbc8dc2 e-flex e-con-boxed e-con e-parent\" data-id=\"dbc8dc2\" data-element_type=\"container\" data-settings=\"{&quot;background_background&quot;:&quot;classic&quot;}\">\n\t\t\t\t\t<div class=\"e-con-inner\">\n\t\t\t\t<div class=\"elementor-element elementor-element-1cc850b elementor-widget elementor-widget-text-editor\" data-id=\"1cc850b\" data-element_type=\"widget\" data-widget_type=\"text-editor.default\">\n\t\t\t\t<div class=\"elementor-widget-container\">\n\t\t\t<style>\/*! elementor - v3.23.0 - 15-07-2024 *\/\n.elementor-widget-text-editor.elementor-drop-cap-view-stacked .elementor-drop-cap{background-color:#69727d;color:#fff}.elementor-widget-text-editor.elementor-drop-cap-view-framed .elementor-drop-cap{color:#69727d;border:3px solid;background-color:transparent}.elementor-widget-text-editor:not(.elementor-drop-cap-view-default) .elementor-drop-cap{margin-top:8px}.elementor-widget-text-editor:not(.elementor-drop-cap-view-default) .elementor-drop-cap-letter{width:1em;height:1em}.elementor-widget-text-editor .elementor-drop-cap{float:left;text-align:center;line-height:1;font-size:50px}.elementor-widget-text-editor .elementor-drop-cap-letter{display:inline-block}<\/style>\t\t\t\t<p>Scopul acestei politici de cookies (\u201e<strong>Politic\u0103 de Cookies<\/strong>\u201d) este de a informa utilizatorii cu privire la modul \u00een care <strong>FLOWER SHOP SOLUTIONS SRL,<\/strong> av\u00e2nd sediul \u00een STR. B\u0102NEASA, NR.8, T\u00e2rgu mure\u0219, Mure\u0219, cod de identificare fiscal\u0103 35975113, \u00eenregistrat\u0103 la Oficiul Registrului Comer\u021bului sub nr.J26\/599\/2016 (&#8222;<strong>FLOWER SHOP SOLUTIONS SRL<\/strong>&#8222;, &#8222;<strong>noi<\/strong>&#8222;), utilizeaz\u0103 cookies pe site-ul <strong><a href=\"https:\/\/www.flowersolutions.ro\/hu\/\">www.flowersolutions.ro<\/a><\/strong> (\u201eSite-ul\u201d).<\/p>\n<p>Aceast\u0103 Politic\u0103 de Cookies se completeaz\u0103 cu politica de prelucrare a datelor cu caracter personal (\u201e<strong>Politica de prelucrare a datelor<\/strong>\u201d) \u0219i cu termenii \u0219i condi\u021biile Site-ului.<\/p>\n\t\t\t\t\t\t<\/div>\n\t\t\t\t<\/div>\n\t\t\t\t<div class=\"elementor-element elementor-element-9257528 elementor-widget elementor-widget-heading\" data-id=\"9257528\" data-element_type=\"widget\" data-widget_type=\"heading.default\">\n\t\t\t\t<div class=\"elementor-widget-container\">\n\t\t\t<h2 class=\"elementor-heading-title elementor-size-default\">1.\tDespre cookie-uri<\/h2>\t\t<\/div>\n\t\t\t\t<\/div>\n\t\t\t\t<div class=\"elementor-element elementor-element-eb558f1 elementor-widget elementor-widget-text-editor\" data-id=\"eb558f1\" data-element_type=\"widget\" data-widget_type=\"text-editor.default\">\n\t\t\t\t<div class=\"elementor-widget-container\">\n\t\t\t\t\t\t\t<p>Cookie-urile sunt fi\u0219iere text de mici dimensiuni care vor fi stocate pe dispozitivul (computerul, terminalul mobil sau alte echipamente) unui utilizator la momentul acces\u0103rii Internetului. Cookie-urile au rolul de a asigura utilizatorului o experien\u021b\u0103 pl\u0103cut\u0103 de navigare a unui website \u0219i prin oferirea anumitor func\u021bionalit\u0103\u021bi (precum op\u021biunile privind limba, salvarea datelor de \u00eenregistrare, analizarea navig\u0103rii) de a \u00eembun\u0103t\u0103\u021bi aceast\u0103 experien\u021b\u0103.<\/p>\n<p>Ca regul\u0103, utilizarea cookie-urilor nu implic\u0103 prelucrarea de date cu caracter personal \u0219i, \u00een cele mai multe cazuri, nu identific\u0103 personal utilizatorii. Cu toate acestea, dac\u0103 utilizarea cookie-urilor au ca rezultat prelucrarea de date cu caracter personal, pentru prelucrarea respectiva devine aplicabil\u0103 Politica de prelucrare a datelor.<\/p>\n\t\t\t\t\t\t<\/div>\n\t\t\t\t<\/div>\n\t\t\t\t<div class=\"elementor-element elementor-element-379c259 elementor-widget elementor-widget-heading\" data-id=\"379c259\" data-element_type=\"widget\" data-widget_type=\"heading.default\">\n\t\t\t\t<div class=\"elementor-widget-container\">\n\t\t\t<h2 class=\"elementor-heading-title elementor-size-default\">2.\tTipuri de cookie-uri \u0219i durata de via\u021b\u0103<\/h2>\t\t<\/div>\n\t\t\t\t<\/div>\n\t\t\t\t<div class=\"elementor-element elementor-element-b4aa251 elementor-widget elementor-widget-text-editor\" data-id=\"b4aa251\" data-element_type=\"widget\" data-widget_type=\"text-editor.default\">\n\t\t\t\t<div class=\"elementor-widget-container\">\n\t\t\t\t\t\t\t<p><em>Cookie-uri de sesiune<\/em> &#8211; cookie-urile ce sunt \u0219terse de pe hard disk imediat dup\u0103 sesiunea ta de navigare.<\/p>\n<p><em>Cookie-uri persistente<\/em> &#8211; cookie-uri ce r\u0103m\u00e2n salvate pe unitatea hard disk a dispozitivului t\u0103u \u0219i ne permit s\u0103 recunoa\u0219tem dispozitivul \u00een cazul unei vizite ulterioare pe Site-ul nostru.<\/p>\n<p>Durata de via\u021b\u0103 a unui cookie poate varia \u00een mod semnificativ, \u00een func\u021bie de scopul pentru care este plasat. Anumite cookie-uri sunt folosite exclusiv pentru o singur\u0103 sesiune \u0219i sunt \u0219terse odat\u0103 ce utilizatorul p\u0103r\u0103se\u0219te site-ul, \u00een timp ce alte cookie-uri sunt p\u0103strate \u0219i reutilizate de fiecare dat\u0103 c\u00e2nd utilizatorul revine pe site-ul respectiv. Cu toate acestea, cookie-urile pot fi \u0219terse \u00een orice moment prin adaptarea set\u0103rilor browser-ului.<\/p>\n\t\t\t\t\t\t<\/div>\n\t\t\t\t<\/div>\n\t\t\t\t<div class=\"elementor-element elementor-element-97c8155 elementor-widget elementor-widget-heading\" data-id=\"97c8155\" data-element_type=\"widget\" data-widget_type=\"heading.default\">\n\t\t\t\t<div class=\"elementor-widget-container\">\n\t\t\t<h2 class=\"elementor-heading-title elementor-size-default\">3.\tCookie-uri plasate de ter\u021bi<\/h2>\t\t<\/div>\n\t\t\t\t<\/div>\n\t\t\t\t<div class=\"elementor-element elementor-element-d4467b3 elementor-widget elementor-widget-text-editor\" data-id=\"d4467b3\" data-element_type=\"widget\" data-widget_type=\"text-editor.default\">\n\t\t\t\t<div class=\"elementor-widget-container\">\n\t\t\t\t\t\t\t<p>\u00cen general, cookie-urile pot fi instalate de c\u0103tre administratorul site-ului accesat de utilizator (a\u0219a-numitele cookie-uri proprii) sau de alte site-uri web (a\u0219a-numitele module cookie-uri instalate de ter\u021bi). Aceast\u0103 Politic\u0103 de Cookies nu acoper\u0103 utilizarea cookie-urilor de c\u0103tre astfel de ter\u021be p\u0103r\u021bi \u0219i pentru mai multe informa\u021bii despre acele cookie-uri, v\u0103 rug\u0103m s\u0103 accesa\u021bi politicile lor de cookies.<\/p>\n\t\t\t\t\t\t<\/div>\n\t\t\t\t<\/div>\n\t\t\t\t<div class=\"elementor-element elementor-element-40502a2 elementor-widget elementor-widget-heading\" data-id=\"40502a2\" data-element_type=\"widget\" data-widget_type=\"heading.default\">\n\t\t\t\t<div class=\"elementor-widget-container\">\n\t\t\t<h2 class=\"elementor-heading-title elementor-size-default\">4.\tRestric\u021bionarea \u0219i \u0219tergerea cookie-urilor<\/h2>\t\t<\/div>\n\t\t\t\t<\/div>\n\t\t\t\t<div class=\"elementor-element elementor-element-4bf24ee elementor-widget elementor-widget-text-editor\" data-id=\"4bf24ee\" data-element_type=\"widget\" data-widget_type=\"text-editor.default\">\n\t\t\t\t<div class=\"elementor-widget-container\">\n\t\t\t\t\t\t\t<p>Dac\u0103 dori\u021bi, pute\u021bi restric\u021biona sau \u0219terge cookie-urile utiliz\u00e2nd set\u0103rile browser-ului. Pute\u021bi refuza doar cookie-urile care nu sunt strict necesare pentru fuc\u021bionarea Site-ului. De asemenea, \u00een cazul \u00een care set\u0103rile cookie-urilor restric\u021bionate pe dispozitivul dumneavoastr\u0103, nu ve\u021bi mai putea folosi toate func\u021biile Site-ului nostru.<\/p>\n<p>Pentru a modifica set\u0103rile browser-ului, pute\u021bi accesa sec\u021biunea \u201eAjutor\u201d din browser-ul dumneavoastr\u0103.<\/p>\n<p>Pute\u021bi afla mai multe detalii despre schimbarea set\u0103rilor, acces\u00e2nd urm\u0103torul link: <strong><a href=\"http:\/\/www.allaboutcookies.org\/manage-cookies\/.\">http:\/\/www.allaboutcookies.org\/manage-cookies\/.<\/a><\/strong><\/p>\n\t\t\t\t\t\t<\/div>\n\t\t\t\t<\/div>\n\t\t\t\t<div class=\"elementor-element elementor-element-473add9 elementor-widget elementor-widget-heading\" data-id=\"473add9\" data-element_type=\"widget\" data-widget_type=\"heading.default\">\n\t\t\t\t<div class=\"elementor-widget-container\">\n\t\t\t<h2 class=\"elementor-heading-title elementor-size-default\">5.\tCategoriile de cookie-urile folosite pe Site<\/h2>\t\t<\/div>\n\t\t\t\t<\/div>\n\t\t\t\t<div class=\"elementor-element elementor-element-76f6ed1 elementor-widget elementor-widget-text-editor\" data-id=\"76f6ed1\" data-element_type=\"widget\" data-widget_type=\"text-editor.default\">\n\t\t\t\t<div class=\"elementor-widget-container\">\n\t\t\t\t\t\t\t<p>Cookie-urile utilizate pe Site-ul nostru sunt clasificate dup\u0103 cum urmeaz\u0103:<\/p>\n<p><strong>Performan\u021b\u0103.<\/strong> Aceste cookie-uri colecteaz\u0103 informa\u021bii despre modul \u00een care utilza\u021bi Site-ul nostru.<\/p>\n<p><strong> Cookie-uri de analiz\u0103.<\/strong> Aceste cookie-uri sunt utilizate pentru a colecta informa\u021bii agregate despre num\u0103rul de vizitatori \u0219i despre modul \u00een care utilizeaz\u0103 Site-ul.<\/p>\n<p><strong>Cookie-uri func\u021bionale<\/strong> (strict necesare pentru func\u021bionarea Site-ului). Aceste cookie-uri ne permit s\u0103 control\u0103m o serie de parametri, cum ar fi memorarea preferin\u021belor utilizatorului privind folosirea cookie-urilor.<\/p>\n<p><strong>Cookie-uri pentru sesiuni.<\/strong> Aceste cookie-uri permit utilizatorului s\u0103 se conecteze la Site f\u0103r\u0103 a-\u0219i introduce datele contului.<\/p>\n\t\t\t\t\t\t<\/div>\n\t\t\t\t<\/div>\n\t\t\t\t<div class=\"elementor-element elementor-element-a6231ee elementor-widget elementor-widget-heading\" data-id=\"a6231ee\" data-element_type=\"widget\" data-widget_type=\"heading.default\">\n\t\t\t\t<div class=\"elementor-widget-container\">\n\t\t\t<h2 class=\"elementor-heading-title elementor-size-default\">6.\tCookie-urile utilizate pe Site<\/h2>\t\t<\/div>\n\t\t\t\t<\/div>\n\t\t\t\t<div class=\"elementor-element elementor-element-10180fc elementor-widget elementor-widget-text-editor\" data-id=\"10180fc\" data-element_type=\"widget\" data-widget_type=\"text-editor.default\">\n\t\t\t\t<div class=\"elementor-widget-container\">\n\t\t\t\t\t\t\t<p>Cookie-urile utilizate pe Site sunt urm\u0103toarele:<\/p>\n\t\t\t\t\t\t<\/div>\n\t\t\t\t<\/div>\n\t\t\t\t<div class=\"elementor-element elementor-element-23caf03 elementor-widget elementor-widget-shortcode\" data-id=\"23caf03\" data-element_type=\"widget\" data-widget_type=\"shortcode.default\">\n\t\t\t\t<div class=\"elementor-widget-container\">\n\t\t\t\t\t<div class=\"elementor-shortcode\"><div class= \"cky-audit-table-element\"><\/div><\/div>\n\t\t\t\t<\/div>\n\t\t\t\t<\/div>\n\t\t\t\t<div class=\"elementor-element elementor-element-c970e01 elementor-widget elementor-widget-heading\" data-id=\"c970e01\" data-element_type=\"widget\" data-widget_type=\"heading.default\">\n\t\t\t\t<div class=\"elementor-widget-container\">\n\t\t\t<h2 class=\"elementor-heading-title elementor-size-default\">7.\tContact<\/h2>\t\t<\/div>\n\t\t\t\t<\/div>\n\t\t\t\t<div class=\"elementor-element elementor-element-072ede0 elementor-widget elementor-widget-text-editor\" data-id=\"072ede0\" data-element_type=\"widget\" data-widget_type=\"text-editor.default\">\n\t\t\t\t<div class=\"elementor-widget-container\">\n\t\t\t\t\t\t\t<p>Dac\u0103 ave\u021bi \u00eentreb\u0103ri sau nel\u0103muriri cu privire la aceast\u0103 Politic\u0103 de Cookies sau la implementarea acesteia, ne pute\u021bi contacta <a href=\"mailto:lori@flowersolutions.ro\"><strong>lori@flowersolutions.ro<\/strong><\/a>.<\/p>\n\t\t\t\t\t\t<\/div>\n\t\t\t\t<\/div>\n\t\t\t\t\t<\/div>\n\t\t\t\t<\/div>\n\t\t\t\t<\/div>\n\t\t","protected":false},"excerpt":{"rendered":"<p>Cookie szab\u00e1lyzat Scopul acestei politici de cookies (\u201ePolitic\u0103 de Cookies\u201d) este de a informa utilizatorii cu privire la modul \u00een [&hellip;]<\/p>\n","protected":false},"author":4,"featured_media":0,"parent":0,"menu_order":0,"comment_status":"closed","ping_status":"closed","template":"","meta":{"site-sidebar-layout":"no-sidebar","site-content-layout":"","ast-site-content-layout":"full-width-container","site-content-style":"default","site-sidebar-style":"default","ast-global-header-display":"","ast-banner-title-visibility":"","ast-main-header-display":"","ast-hfb-above-header-display":"","ast-hfb-below-header-display":"","ast-hfb-mobile-header-display":"","site-post-title":"disabled","ast-breadcrumbs-content":"","ast-featured-img":"disabled","footer-sml-layout":"","theme-transparent-header-meta":"","adv-header-id-meta":"","stick-header-meta":"","header-above-stick-meta":"","header-main-stick-meta":"","header-below-stick-meta":"","astra-migrate-meta-layouts":"default","ast-page-background-enabled":"default","ast-page-background-meta":{"desktop":{"background-color":"var(--ast-global-color-4)","background-image":"","background-repeat":"repeat","background-position":"center center","background-size":"auto","background-attachment":"scroll","background-type":"","background-media":"","overlay-type":"","overlay-color":"","overlay-opacity":"","overlay-gradient":""},"tablet":{"background-color":"","background-image":"","background-repeat":"repeat","background-position":"center center","background-size":"auto","background-attachment":"scroll","background-type":"","background-media":"","overlay-type":"","overlay-color":"","overlay-opacity":"","overlay-gradient":""},"mobile":{"background-color":"","background-image":"","background-repeat":"repeat","background-position":"center center","background-size":"auto","background-attachment":"scroll","background-type":"","background-media":"","overlay-type":"","overlay-color":"","overlay-opacity":"","overlay-gradient":""}},"ast-content-background-meta":{"desktop":{"background-color":"var(--ast-global-color-5)","background-image":"","background-repeat":"repeat","background-position":"center center","background-size":"auto","background-attachment":"scroll","background-type":"","background-media":"","overlay-type":"","overlay-color":"","overlay-opacity":"","overlay-gradient":""},"tablet":{"background-color":"var(--ast-global-color-5)","background-image":"","background-repeat":"repeat","background-position":"center center","background-size":"auto","background-attachment":"scroll","background-type":"","background-media":"","overlay-type":"","overlay-color":"","overlay-opacity":"","overlay-gradient":""},"mobile":{"background-color":"var(--ast-global-color-5)","background-image":"","background-repeat":"repeat","background-position":"center center","background-size":"auto","background-attachment":"scroll","background-type":"","background-media":"","overlay-type":"","overlay-color":"","overlay-opacity":"","overlay-gradient":""}},"footnotes":""},"class_list":["post-1881","page","type-page","status-publish","hentry"],"yoast_head":"<!-- This site is optimized with the Yoast SEO plugin v23.0 - https:\/\/yoast.com\/wordpress\/plugins\/seo\/ -->\n<title>Cookie szab\u00e1lyzat -Furnizor flori \u00een T\u00e2rgu Mure\u0219 - Flower Solutions<\/title>\n<meta name=\"description\" content=\"Cu peste 12 ani de experien\u021b\u0103, oferim flori t\u0103iate \u0219i plante ornamentale de \u00eenalt\u0103 calitate. Garan\u021bie pentru produse \u0219i suport pentru flor\u0103rii.\" \/>\n<meta name=\"robots\" content=\"noindex, nofollow\" \/>\n<meta property=\"og:locale\" content=\"hu_HU\" \/>\n<meta property=\"og:type\" content=\"article\" \/>\n<meta property=\"og:title\" content=\"Cookie szab\u00e1lyzat -Furnizor flori \u00een T\u00e2rgu Mure\u0219 - Flower Solutions\" \/>\n<meta property=\"og:description\" content=\"Cu peste 12 ani de experien\u021b\u0103, oferim flori t\u0103iate \u0219i plante ornamentale de \u00eenalt\u0103 calitate. Garan\u021bie pentru produse \u0219i suport pentru flor\u0103rii.\" \/>\n<meta property=\"og:url\" content=\"https:\/\/www.flowersolutions.ro\/hu\/cookie-szabalyzat\/\" \/>\n<meta property=\"og:site_name\" content=\"Flower Solutions\" \/>\n<meta property=\"article:modified_time\" content=\"2024-07-19T12:56:07+00:00\" \/>\n<meta name=\"twitter:card\" content=\"summary_large_image\" \/>\n<meta name=\"twitter:label1\" content=\"Becs\u00fclt olvas\u00e1si id\u0151\" \/>\n\t<meta name=\"twitter:data1\" content=\"3 perc\" \/>\n<script type=\"application\/ld+json\" class=\"yoast-schema-graph\">{\"@context\":\"https:\/\/schema.org\",\"@graph\":[{\"@type\":\"WebPage\",\"@id\":\"https:\/\/www.flowersolutions.ro\/hu\/cookie-szabalyzat\/\",\"url\":\"https:\/\/www.flowersolutions.ro\/hu\/cookie-szabalyzat\/\",\"name\":\"Cookie szab\u00e1lyzat -Furnizor flori \u00een T\u00e2rgu Mure\u0219 - Flower Solutions\",\"isPartOf\":{\"@id\":\"https:\/\/www.flowersolutions.ro\/hu\/#website\"},\"datePublished\":\"2024-07-18T07:38:47+00:00\",\"dateModified\":\"2024-07-19T12:56:07+00:00\",\"description\":\"Cu peste 12 ani de experien\u021b\u0103, oferim flori t\u0103iate \u0219i plante ornamentale de \u00eenalt\u0103 calitate. Garan\u021bie pentru produse \u0219i suport pentru flor\u0103rii.\",\"breadcrumb\":{\"@id\":\"https:\/\/www.flowersolutions.ro\/hu\/cookie-szabalyzat\/#breadcrumb\"},\"inLanguage\":\"hu\",\"potentialAction\":[{\"@type\":\"ReadAction\",\"target\":[\"https:\/\/www.flowersolutions.ro\/hu\/cookie-szabalyzat\/\"]}]},{\"@type\":\"BreadcrumbList\",\"@id\":\"https:\/\/www.flowersolutions.ro\/hu\/cookie-szabalyzat\/#breadcrumb\",\"itemListElement\":[{\"@type\":\"ListItem\",\"position\":1,\"name\":\"Home\",\"item\":\"https:\/\/www.flowersolutions.ro\/hu\/\"},{\"@type\":\"ListItem\",\"position\":2,\"name\":\"Cookie szab\u00e1lyzat\"}]},{\"@type\":\"WebSite\",\"@id\":\"https:\/\/www.flowersolutions.ro\/hu\/#website\",\"url\":\"https:\/\/www.flowersolutions.ro\/hu\/\",\"name\":\"Flower Solutions\",\"description\":\"Flori t\u0103iate \u0219i plante ornamentale pentru rev\u00e2nz\u0103tori\",\"publisher\":{\"@id\":\"https:\/\/www.flowersolutions.ro\/hu\/#organization\"},\"potentialAction\":[{\"@type\":\"SearchAction\",\"target\":{\"@type\":\"EntryPoint\",\"urlTemplate\":\"https:\/\/www.flowersolutions.ro\/hu\/?s={search_term_string}\"},\"query-input\":\"required name=search_term_string\"}],\"inLanguage\":\"hu\"},{\"@type\":\"Organization\",\"@id\":\"https:\/\/www.flowersolutions.ro\/hu\/#organization\",\"name\":\"Flower Solutions\",\"url\":\"https:\/\/www.flowersolutions.ro\/hu\/\",\"logo\":{\"@type\":\"ImageObject\",\"inLanguage\":\"hu\",\"@id\":\"https:\/\/www.flowersolutions.ro\/hu\/#\/schema\/logo\/image\/\",\"url\":\"https:\/\/www.flowersolutions.ro\/wp-content\/uploads\/2024\/03\/Flower_solutions_logo_full_color-2-removebg-preview-e1713948475602.png\",\"contentUrl\":\"https:\/\/www.flowersolutions.ro\/wp-content\/uploads\/2024\/03\/Flower_solutions_logo_full_color-2-removebg-preview-e1713948475602.png\",\"width\":337,\"height\":170,\"caption\":\"Flower Solutions\"},\"image\":{\"@id\":\"https:\/\/www.flowersolutions.ro\/hu\/#\/schema\/logo\/image\/\"}}]}<\/script>\n<!-- \/ Yoast SEO plugin. -->","yoast_head_json":{"title":"Cookie szab\u00e1lyzat -Furnizor flori \u00een T\u00e2rgu Mure\u0219 - Flower Solutions","description":"Cu peste 12 ani de experien\u021b\u0103, oferim flori t\u0103iate \u0219i plante ornamentale de \u00eenalt\u0103 calitate. Garan\u021bie pentru produse \u0219i suport pentru flor\u0103rii.","robots":{"index":"noindex","follow":"nofollow"},"og_locale":"hu_HU","og_type":"article","og_title":"Cookie szab\u00e1lyzat -Furnizor flori \u00een T\u00e2rgu Mure\u0219 - Flower Solutions","og_description":"Cu peste 12 ani de experien\u021b\u0103, oferim flori t\u0103iate \u0219i plante ornamentale de \u00eenalt\u0103 calitate. Garan\u021bie pentru produse \u0219i suport pentru flor\u0103rii.","og_url":"https:\/\/www.flowersolutions.ro\/hu\/cookie-szabalyzat\/","og_site_name":"Flower Solutions","article_modified_time":"2024-07-19T12:56:07+00:00","twitter_card":"summary_large_image","twitter_misc":{"Becs\u00fclt olvas\u00e1si id\u0151":"3 perc"},"schema":{"@context":"https:\/\/schema.org","@graph":[{"@type":"WebPage","@id":"https:\/\/www.flowersolutions.ro\/hu\/cookie-szabalyzat\/","url":"https:\/\/www.flowersolutions.ro\/hu\/cookie-szabalyzat\/","name":"Cookie szab\u00e1lyzat -Furnizor flori \u00een T\u00e2rgu Mure\u0219 - Flower Solutions","isPartOf":{"@id":"https:\/\/www.flowersolutions.ro\/hu\/#website"},"datePublished":"2024-07-18T07:38:47+00:00","dateModified":"2024-07-19T12:56:07+00:00","description":"Cu peste 12 ani de experien\u021b\u0103, oferim flori t\u0103iate \u0219i plante ornamentale de \u00eenalt\u0103 calitate. Garan\u021bie pentru produse \u0219i suport pentru flor\u0103rii.","breadcrumb":{"@id":"https:\/\/www.flowersolutions.ro\/hu\/cookie-szabalyzat\/#breadcrumb"},"inLanguage":"hu","potentialAction":[{"@type":"ReadAction","target":["https:\/\/www.flowersolutions.ro\/hu\/cookie-szabalyzat\/"]}]},{"@type":"BreadcrumbList","@id":"https:\/\/www.flowersolutions.ro\/hu\/cookie-szabalyzat\/#breadcrumb","itemListElement":[{"@type":"ListItem","position":1,"name":"Home","item":"https:\/\/www.flowersolutions.ro\/hu\/"},{"@type":"ListItem","position":2,"name":"Cookie szab\u00e1lyzat"}]},{"@type":"WebSite","@id":"https:\/\/www.flowersolutions.ro\/hu\/#website","url":"https:\/\/www.flowersolutions.ro\/hu\/","name":"Flower Solutions","description":"Flori t\u0103iate \u0219i plante ornamentale pentru rev\u00e2nz\u0103tori","publisher":{"@id":"https:\/\/www.flowersolutions.ro\/hu\/#organization"},"potentialAction":[{"@type":"SearchAction","target":{"@type":"EntryPoint","urlTemplate":"https:\/\/www.flowersolutions.ro\/hu\/?s={search_term_string}"},"query-input":"required name=search_term_string"}],"inLanguage":"hu"},{"@type":"Organization","@id":"https:\/\/www.flowersolutions.ro\/hu\/#organization","name":"Flower Solutions","url":"https:\/\/www.flowersolutions.ro\/hu\/","logo":{"@type":"ImageObject","inLanguage":"hu","@id":"https:\/\/www.flowersolutions.ro\/hu\/#\/schema\/logo\/image\/","url":"https:\/\/www.flowersolutions.ro\/wp-content\/uploads\/2024\/03\/Flower_solutions_logo_full_color-2-removebg-preview-e1713948475602.png","contentUrl":"https:\/\/www.flowersolutions.ro\/wp-content\/uploads\/2024\/03\/Flower_solutions_logo_full_color-2-removebg-preview-e1713948475602.png","width":337,"height":170,"caption":"Flower Solutions"},"image":{"@id":"https:\/\/www.flowersolutions.ro\/hu\/#\/schema\/logo\/image\/"}}]}},"_links":{"self":[{"href":"https:\/\/www.flowersolutions.ro\/hu\/wp-json\/wp\/v2\/pages\/1881","targetHints":{"allow":["GET"]}}],"collection":[{"href":"https:\/\/www.flowersolutions.ro\/hu\/wp-json\/wp\/v2\/pages"}],"about":[{"href":"https:\/\/www.flowersolutions.ro\/hu\/wp-json\/wp\/v2\/types\/page"}],"author":[{"embeddable":true,"href":"https:\/\/www.flowersolutions.ro\/hu\/wp-json\/wp\/v2\/users\/4"}],"replies":[{"embeddable":true,"href":"https:\/\/www.flowersolutions.ro\/hu\/wp-json\/wp\/v2\/comments?post=1881"}],"version-history":[{"count":2,"href":"https:\/\/www.flowersolutions.ro\/hu\/wp-json\/wp\/v2\/pages\/1881\/revisions"}],"predecessor-version":[{"id":1940,"href":"https:\/\/www.flowersolutions.ro\/hu\/wp-json\/wp\/v2\/pages\/1881\/revisions\/1940"}],"wp:attachment":[{"href":"https:\/\/www.flowersolutions.ro\/hu\/wp-json\/wp\/v2\/media?parent=1881"}],"curies":[{"name":"wp","href":"https:\/\/api.w.org\/{rel}","templated":true}]}}